{"id":1844,"date":"2020-12-17T10:41:16","date_gmt":"2020-12-17T10:41:16","guid":{"rendered":"http:\/\/powerhydraulik:8888\/?page_id=1844"},"modified":"2020-12-17T16:08:36","modified_gmt":"2020-12-17T16:08:36","slug":"cilindros-hidraulicos","status":"publish","type":"page","link":"https:\/\/www.powerhydraulik.com\/es\/construcciones\/cilindros-hidraulicos\/","title":{"rendered":"Cilindros hidr\u00e1ulicos"},"content":{"rendered":"\n<p>Los cilindros hidr\u00e1ulicos son actuadores que convierten la energ\u00eda hidr\u00e1ulica en movimiento lineal y representan la interfaz entre el circuito hidr\u00e1ulico y la m\u00e1quina operadora.<\/p>\n\n\n\n<p>Power Hydraulik ha adquirido una experiencia considerable en la realizaci\u00f3n de cilindros hidr\u00e1ulicos especiales, que produce en peque\u00f1os lotes, con sistemas integrados de control de la posici\u00f3n, con aparatos de regulaci\u00f3n del movimiento y de la carga.<\/p>\n\n\n\n<hr class=\"wp-block-separator is-style-wide\"\/>\n\n\n<div class=\"foogallery foogallery-container foogallery-default foogallery-lightbox-foobox fg-gutter-10 fg-center fg-default fg-light fg-border-thin fg-shadow-outline fg-loading-default fg-loaded-fade-in fg-caption-hover fg-hover-fade fg-hover-zoom fg-ready\" id=\"foogallery-gallery-661\" data-foogallery=\"{&quot;item&quot;:{&quot;showCaptionTitle&quot;:true,&quot;showCaptionDescription&quot;:true},&quot;lazy&quot;:true,&quot;src&quot;:&quot;data-src-fg&quot;,&quot;srcset&quot;:&quot;data-srcset-fg&quot;,&quot;paging&quot;:{&quot;type&quot;:&quot;dots&quot;,&quot;theme&quot;:&quot;fg-light&quot;,&quot;size&quot;:5,&quot;position&quot;:&quot;bottom&quot;,&quot;scrollToTop&quot;:false}}\" data-fg-common-fields=\"1\" >\r\n\t<div class=\"fg-item\"><figure class=\"fg-item-inner\"><a href=\"https:\/\/www.powerhydraulik.com\/wp-content\/uploads\/2020\/12\/cilindri_settore_marino-2.jpg\" data-attachment-id=\"665\" class=\"fg-thumb\"><span class=\"fg-image-wrap\"><img width=\"150\" height=\"150\" data-src-fg=\"https:\/\/www.powerhydraulik.com\/wp-content\/uploads\/cache\/2020\/12\/cilindri_settore_marino-2\/1438822368.jpg\" class=\"fg-image\" \/><\/span><\/a><figcaption class=\"fg-caption\"><div class=\"fg-caption-inner\"><\/div><\/figcaption><\/figure><div class=\"fg-loader\"><\/div><\/div><div class=\"fg-item\"><figure class=\"fg-item-inner\"><a href=\"https:\/\/www.powerhydraulik.com\/wp-content\/uploads\/2020\/12\/cilindro_a_tiranti_alesaggio_360_mm.jpg\" data-attachment-id=\"668\" class=\"fg-thumb\"><span class=\"fg-image-wrap\"><img width=\"150\" height=\"150\" data-src-fg=\"https:\/\/www.powerhydraulik.com\/wp-content\/uploads\/cache\/2020\/12\/cilindro_a_tiranti_alesaggio_360_mm\/332964550.jpg\" class=\"fg-image\" \/><\/span><\/a><figcaption class=\"fg-caption\"><div class=\"fg-caption-inner\"><\/div><\/figcaption><\/figure><div class=\"fg-loader\"><\/div><\/div><div class=\"fg-item\"><figure class=\"fg-item-inner\"><a href=\"https:\/\/www.powerhydraulik.com\/wp-content\/uploads\/2020\/12\/cilindro_a_titanti_norme_iso_6020.jpg\" data-attachment-id=\"671\" class=\"fg-thumb\"><span class=\"fg-image-wrap\"><img width=\"150\" height=\"150\" data-src-fg=\"https:\/\/www.powerhydraulik.com\/wp-content\/uploads\/cache\/2020\/12\/cilindro_a_titanti_norme_iso_6020\/3348061100.jpg\" class=\"fg-image\" \/><\/span><\/a><figcaption class=\"fg-caption\"><div class=\"fg-caption-inner\"><\/div><\/figcaption><\/figure><div class=\"fg-loader\"><\/div><\/div><div class=\"fg-item\"><figure class=\"fg-item-inner\"><a href=\"https:\/\/www.powerhydraulik.com\/wp-content\/uploads\/2020\/12\/cilindro_strumentato_per_bloccaggi_alta_pressione.jpg\" data-attachment-id=\"674\" class=\"fg-thumb\"><span class=\"fg-image-wrap\"><img width=\"150\" height=\"150\" data-src-fg=\"https:\/\/www.powerhydraulik.com\/wp-content\/uploads\/cache\/2020\/12\/cilindro_strumentato_per_bloccaggi_alta_pressione\/757617117.jpg\" class=\"fg-image\" \/><\/span><\/a><figcaption class=\"fg-caption\"><div class=\"fg-caption-inner\"><\/div><\/figcaption><\/figure><div class=\"fg-loader\"><\/div><\/div><div class=\"fg-item\"><figure class=\"fg-item-inner\"><a href=\"https:\/\/www.powerhydraulik.com\/wp-content\/uploads\/2020\/12\/cilindro_strumentato_per_manipolatore_subacqueo.jpg\" data-attachment-id=\"677\" class=\"fg-thumb\"><span class=\"fg-image-wrap\"><img width=\"150\" height=\"150\" data-src-fg=\"https:\/\/www.powerhydraulik.com\/wp-content\/uploads\/cache\/2020\/12\/cilindro_strumentato_per_manipolatore_subacqueo\/1711200593.jpg\" class=\"fg-image\" \/><\/span><\/a><figcaption class=\"fg-caption\"><div class=\"fg-caption-inner\"><\/div><\/figcaption><\/figure><div class=\"fg-loader\"><\/div><\/div><div class=\"fg-item\"><figure class=\"fg-item-inner\"><a href=\"https:\/\/www.powerhydraulik.com\/wp-content\/uploads\/2020\/12\/img_8954.jpg\" data-attachment-id=\"680\" class=\"fg-thumb\"><span class=\"fg-image-wrap\"><img width=\"150\" height=\"150\" data-src-fg=\"https:\/\/www.powerhydraulik.com\/wp-content\/uploads\/cache\/2020\/12\/img_8954\/458650769.jpg\" class=\"fg-image\" \/><\/span><\/a><figcaption class=\"fg-caption\"><div class=\"fg-caption-inner\"><\/div><\/figcaption><\/figure><div class=\"fg-loader\"><\/div><\/div><div class=\"fg-item\"><figure class=\"fg-item-inner\"><a href=\"https:\/\/www.powerhydraulik.com\/wp-content\/uploads\/2020\/12\/servocilindro.jpg\" data-attachment-id=\"683\" class=\"fg-thumb\"><span class=\"fg-image-wrap\"><img width=\"150\" height=\"150\" data-src-fg=\"https:\/\/www.powerhydraulik.com\/wp-content\/uploads\/cache\/2020\/12\/servocilindro\/1955897927.jpg\" class=\"fg-image\" \/><\/span><\/a><figcaption class=\"fg-caption\"><div class=\"fg-caption-inner\"><\/div><\/figcaption><\/figure><div class=\"fg-loader\"><\/div><\/div><\/div>\r\n\n","protected":false},"excerpt":{"rendered":"<p>Los cilindros hidr\u00e1ulicos son actuadores que convierten la energ\u00eda hidr\u00e1ulica en movimiento lineal y representan la interfaz entre el circuito hidr\u00e1ulico y la m\u00e1quina operadora. Power Hydraulik ha adquirido una experiencia considerable en la realizaci\u00f3n de cilindros hidr\u00e1ulicos especiales, que produce en peque\u00f1os lotes, con sistemas integrados de control de la posici\u00f3n, con aparatos de [&hellip;]<\/p>\n","protected":false},"author":1,"featured_media":304,"parent":1834,"menu_order":0,"comment_status":"closed","ping_status":"closed","template":"","meta":[],"acf":[],"_links":{"self":[{"href":"https:\/\/www.powerhydraulik.com\/es\/wp-json\/wp\/v2\/pages\/1844"}],"collection":[{"href":"https:\/\/www.powerhydraulik.com\/es\/wp-json\/wp\/v2\/pages"}],"about":[{"href":"https:\/\/www.powerhydraulik.com\/es\/wp-json\/wp\/v2\/types\/page"}],"author":[{"embeddable":true,"href":"https:\/\/www.powerhydraulik.com\/es\/wp-json\/wp\/v2\/users\/1"}],"replies":[{"embeddable":true,"href":"https:\/\/www.powerhydraulik.com\/es\/wp-json\/wp\/v2\/comments?post=1844"}],"version-history":[{"count":2,"href":"https:\/\/www.powerhydraulik.com\/es\/wp-json\/wp\/v2\/pages\/1844\/revisions"}],"predecessor-version":[{"id":1972,"href":"https:\/\/www.powerhydraulik.com\/es\/wp-json\/wp\/v2\/pages\/1844\/revisions\/1972"}],"up":[{"embeddable":true,"href":"https:\/\/www.powerhydraulik.com\/es\/wp-json\/wp\/v2\/pages\/1834"}],"wp:featuredmedia":[{"embeddable":true,"href":"https:\/\/www.powerhydraulik.com\/es\/wp-json\/wp\/v2\/media\/304"}],"wp:attachment":[{"href":"https:\/\/www.powerhydraulik.com\/es\/wp-json\/wp\/v2\/media?parent=1844"}],"curies":[{"name":"wp","href":"https:\/\/api.w.org\/{rel}","templated":true}]}}