{"id":1884,"date":"2020-12-17T10:55:02","date_gmt":"2020-12-17T10:55:02","guid":{"rendered":"http:\/\/powerhydraulik:8888\/?page_id=1884"},"modified":"2020-12-17T15:50:34","modified_gmt":"2020-12-17T15:50:34","slug":"siderurgia","status":"publish","type":"page","link":"https:\/\/www.powerhydraulik.com\/es\/sectores\/siderurgia\/","title":{"rendered":"Siderurgia"},"content":{"rendered":"\n<p>M\u00e1quinas para la producci\u00f3n de acero y otros materiales de construcci\u00f3n no ferrosos. Sistemas de fundici\u00f3n, hornos de recalentamiento, m\u00e1quinas para colada, laminadores, maquinaria para el trabajado del tubo.<\/p>\n\n\n\n<h6>PRODUCTOS<\/h6>\n\n\n\n<hr class=\"wp-block-separator is-style-wide\"\/>\n\n\n\n<ul><li>&nbsp;&nbsp;&nbsp; Centrales hidr\u00e1ulicas de potencia<\/li><li>&nbsp;&nbsp;&nbsp; Equipos y v\u00e1lvulas<\/li><li>&nbsp;&nbsp;&nbsp; Bloques y bancos de v\u00e1lvulas<\/li><li>&nbsp;&nbsp;&nbsp; Estaciones de acumulaci\u00f3n<\/li><li>&nbsp;&nbsp;&nbsp; Equipos especiales<\/li><li>&nbsp;&nbsp;&nbsp; Unidad de filtraci\u00f3n<\/li><li>&nbsp;&nbsp;&nbsp; Cilindros hidr\u00e1ulicos.<\/li><\/ul>\n\n\n\n<hr class=\"wp-block-separator is-style-wide\"\/>\n\n\n<div class=\"foogallery foogallery-container foogallery-default foogallery-lightbox-foobox fg-gutter-10 fg-center fg-default fg-light fg-border-thin fg-shadow-outline fg-loading-default fg-loaded-fade-in fg-caption-hover fg-hover-fade fg-hover-zoom fg-ready\" id=\"foogallery-gallery-1180\" data-foogallery=\"{&quot;item&quot;:{&quot;showCaptionTitle&quot;:true,&quot;showCaptionDescription&quot;:true},&quot;lazy&quot;:true,&quot;src&quot;:&quot;data-src-fg&quot;,&quot;srcset&quot;:&quot;data-srcset-fg&quot;,&quot;paging&quot;:{&quot;type&quot;:&quot;dots&quot;,&quot;theme&quot;:&quot;fg-light&quot;,&quot;size&quot;:5,&quot;position&quot;:&quot;bottom&quot;,&quot;scrollToTop&quot;:false}}\" data-fg-common-fields=\"1\" >\r\n\t<div class=\"fg-item\"><figure class=\"fg-item-inner\"><a href=\"https:\/\/www.powerhydraulik.com\/wp-content\/uploads\/2020\/12\/116_1603_img.jpg\" data-attachment-id=\"1183\" class=\"fg-thumb\"><span class=\"fg-image-wrap\"><img width=\"150\" height=\"150\" data-src-fg=\"https:\/\/www.powerhydraulik.com\/wp-content\/uploads\/cache\/2020\/12\/116_1603_img\/192450260.jpg\" class=\"fg-image\" \/><\/span><\/a><figcaption class=\"fg-caption\"><div class=\"fg-caption-inner\"><\/div><\/figcaption><\/figure><div class=\"fg-loader\"><\/div><\/div><div class=\"fg-item\"><figure class=\"fg-item-inner\"><a href=\"https:\/\/www.powerhydraulik.com\/wp-content\/uploads\/2020\/12\/124_2476_img.jpg\" data-attachment-id=\"1186\" class=\"fg-thumb\"><span class=\"fg-image-wrap\"><img width=\"150\" height=\"150\" data-src-fg=\"https:\/\/www.powerhydraulik.com\/wp-content\/uploads\/cache\/2020\/12\/124_2476_img\/1594697884.jpg\" class=\"fg-image\" \/><\/span><\/a><figcaption class=\"fg-caption\"><div class=\"fg-caption-inner\"><\/div><\/figcaption><\/figure><div class=\"fg-loader\"><\/div><\/div><div class=\"fg-item\"><figure class=\"fg-item-inner\"><a href=\"https:\/\/www.powerhydraulik.com\/wp-content\/uploads\/2020\/12\/banco_con_accumulatori_a_pistone_da_700_litri.jpg\" data-attachment-id=\"1189\" class=\"fg-thumb\"><span class=\"fg-image-wrap\"><img width=\"150\" height=\"150\" data-src-fg=\"https:\/\/www.powerhydraulik.com\/wp-content\/uploads\/cache\/2020\/12\/banco_con_accumulatori_a_pistone_da_700_litri\/3621105913.jpg\" class=\"fg-image\" \/><\/span><\/a><figcaption class=\"fg-caption\"><div class=\"fg-caption-inner\"><\/div><\/figcaption><\/figure><div class=\"fg-loader\"><\/div><\/div><div class=\"fg-item\"><figure class=\"fg-item-inner\"><a href=\"https:\/\/www.powerhydraulik.com\/wp-content\/uploads\/2020\/12\/banco_di_accumulo.jpg\" data-attachment-id=\"1192\" class=\"fg-thumb\"><span class=\"fg-image-wrap\"><img width=\"150\" height=\"150\" data-src-fg=\"https:\/\/www.powerhydraulik.com\/wp-content\/uploads\/cache\/2020\/12\/banco_di_accumulo\/4218642498.jpg\" class=\"fg-image\" \/><\/span><\/a><figcaption class=\"fg-caption\"><div class=\"fg-caption-inner\"><\/div><\/figcaption><\/figure><div class=\"fg-loader\"><\/div><\/div><div class=\"fg-item\"><figure class=\"fg-item-inner\"><a href=\"https:\/\/www.powerhydraulik.com\/wp-content\/uploads\/2020\/12\/banco_valvole_area_finitura.jpg\" data-attachment-id=\"1195\" class=\"fg-thumb\"><span class=\"fg-image-wrap\"><img width=\"150\" height=\"150\" data-src-fg=\"https:\/\/www.powerhydraulik.com\/wp-content\/uploads\/cache\/2020\/12\/banco_valvole_area_finitura\/1977187755.jpg\" class=\"fg-image\" \/><\/span><\/a><figcaption class=\"fg-caption\"><div class=\"fg-caption-inner\"><\/div><\/figcaption><\/figure><div class=\"fg-loader\"><\/div><\/div><div class=\"fg-item\"><figure class=\"fg-item-inner\"><a href=\"https:\/\/www.powerhydraulik.com\/wp-content\/uploads\/2020\/12\/banco_valvole_con_divisore_di_flusso.jpg\" data-attachment-id=\"1198\" class=\"fg-thumb\"><span class=\"fg-image-wrap\"><img width=\"150\" height=\"150\" data-src-fg=\"https:\/\/www.powerhydraulik.com\/wp-content\/uploads\/cache\/2020\/12\/banco_valvole_con_divisore_di_flusso\/397332895.jpg\" class=\"fg-image\" \/><\/span><\/a><figcaption class=\"fg-caption\"><div class=\"fg-caption-inner\"><\/div><\/figcaption><\/figure><div class=\"fg-loader\"><\/div><\/div><div class=\"fg-item\"><figure class=\"fg-item-inner\"><a href=\"https:\/\/www.powerhydraulik.com\/wp-content\/uploads\/2020\/12\/banco_valvole_trasferitore.jpg\" data-attachment-id=\"1201\" class=\"fg-thumb\"><span class=\"fg-image-wrap\"><img width=\"150\" height=\"150\" data-src-fg=\"https:\/\/www.powerhydraulik.com\/wp-content\/uploads\/cache\/2020\/12\/banco_valvole_trasferitore\/638644631.jpg\" class=\"fg-image\" \/><\/span><\/a><figcaption class=\"fg-caption\"><div class=\"fg-caption-inner\"><\/div><\/figcaption><\/figure><div class=\"fg-loader\"><\/div><\/div><div class=\"fg-item\"><figure class=\"fg-item-inner\"><a href=\"https:\/\/www.powerhydraulik.com\/wp-content\/uploads\/2020\/12\/blocchi_valvole_per_cassetto_siviera.jpg\" data-attachment-id=\"1204\" class=\"fg-thumb\"><span class=\"fg-image-wrap\"><img width=\"150\" height=\"150\" data-src-fg=\"https:\/\/www.powerhydraulik.com\/wp-content\/uploads\/cache\/2020\/12\/blocchi_valvole_per_cassetto_siviera\/1881891645.jpg\" class=\"fg-image\" \/><\/span><\/a><figcaption class=\"fg-caption\"><div class=\"fg-caption-inner\"><\/div><\/figcaption><\/figure><div class=\"fg-loader\"><\/div><\/div><div class=\"fg-item\"><figure class=\"fg-item-inner\"><a href=\"https:\/\/www.powerhydraulik.com\/wp-content\/uploads\/2020\/12\/gruppo_pompe_centrale_laminatoio.jpg\" data-attachment-id=\"1207\" class=\"fg-thumb\"><span class=\"fg-image-wrap\"><img width=\"150\" height=\"150\" data-src-fg=\"https:\/\/www.powerhydraulik.com\/wp-content\/uploads\/cache\/2020\/12\/gruppo_pompe_centrale_laminatoio\/2550112839.jpg\" class=\"fg-image\" \/><\/span><\/a><figcaption class=\"fg-caption\"><div class=\"fg-caption-inner\"><\/div><\/figcaption><\/figure><div class=\"fg-loader\"><\/div><\/div><div class=\"fg-item\"><figure class=\"fg-item-inner\"><a href=\"https:\/\/www.powerhydraulik.com\/wp-content\/uploads\/2020\/12\/img_1549-1.jpg\" data-attachment-id=\"1210\" class=\"fg-thumb\"><span class=\"fg-image-wrap\"><img width=\"150\" height=\"150\" data-src-fg=\"https:\/\/www.powerhydraulik.com\/wp-content\/uploads\/cache\/2020\/12\/img_1549-1\/1075912146.jpg\" class=\"fg-image\" \/><\/span><\/a><figcaption class=\"fg-caption\"><div class=\"fg-caption-inner\"><\/div><\/figcaption><\/figure><div class=\"fg-loader\"><\/div><\/div><div class=\"fg-item\"><figure class=\"fg-item-inner\"><a href=\"https:\/\/www.powerhydraulik.com\/wp-content\/uploads\/2020\/12\/img_2432.jpg\" data-attachment-id=\"1213\" class=\"fg-thumb\"><span class=\"fg-image-wrap\"><img width=\"150\" height=\"150\" data-src-fg=\"https:\/\/www.powerhydraulik.com\/wp-content\/uploads\/cache\/2020\/12\/img_2432\/3079456772.jpg\" class=\"fg-image\" \/><\/span><\/a><figcaption class=\"fg-caption\"><div class=\"fg-caption-inner\"><\/div><\/figcaption><\/figure><div class=\"fg-loader\"><\/div><\/div><div class=\"fg-item\"><figure class=\"fg-item-inner\"><a href=\"https:\/\/www.powerhydraulik.com\/wp-content\/uploads\/2020\/12\/img_8151.jpg\" data-attachment-id=\"1216\" class=\"fg-thumb\"><span class=\"fg-image-wrap\"><img width=\"150\" height=\"150\" data-src-fg=\"https:\/\/www.powerhydraulik.com\/wp-content\/uploads\/cache\/2020\/12\/img_8151\/3400921281.jpg\" class=\"fg-image\" \/><\/span><\/a><figcaption class=\"fg-caption\"><div class=\"fg-caption-inner\"><\/div><\/figcaption><\/figure><div class=\"fg-loader\"><\/div><\/div><div class=\"fg-item\"><figure class=\"fg-item-inner\"><a href=\"https:\/\/www.powerhydraulik.com\/wp-content\/uploads\/2020\/12\/img_8161.jpg\" data-attachment-id=\"1219\" class=\"fg-thumb\"><span class=\"fg-image-wrap\"><img width=\"150\" height=\"150\" data-src-fg=\"https:\/\/www.powerhydraulik.com\/wp-content\/uploads\/cache\/2020\/12\/img_8161\/2755048945.jpg\" class=\"fg-image\" \/><\/span><\/a><figcaption class=\"fg-caption\"><div class=\"fg-caption-inner\"><\/div><\/figcaption><\/figure><div class=\"fg-loader\"><\/div><\/div><div class=\"fg-item\"><figure class=\"fg-item-inner\"><a href=\"https:\/\/www.powerhydraulik.com\/wp-content\/uploads\/2020\/12\/img_8163-1.jpg\" data-attachment-id=\"1222\" class=\"fg-thumb\"><span class=\"fg-image-wrap\"><img width=\"150\" height=\"150\" data-src-fg=\"https:\/\/www.powerhydraulik.com\/wp-content\/uploads\/cache\/2020\/12\/img_8163-1\/1796532615.jpg\" class=\"fg-image\" \/><\/span><\/a><figcaption class=\"fg-caption\"><div class=\"fg-caption-inner\"><\/div><\/figcaption><\/figure><div class=\"fg-loader\"><\/div><\/div><div class=\"fg-item\"><figure class=\"fg-item-inner\"><a href=\"https:\/\/www.powerhydraulik.com\/wp-content\/uploads\/2020\/12\/p1000835.jpg\" data-attachment-id=\"1225\" class=\"fg-thumb\"><span class=\"fg-image-wrap\"><img width=\"150\" height=\"150\" data-src-fg=\"https:\/\/www.powerhydraulik.com\/wp-content\/uploads\/cache\/2020\/12\/p1000835\/713298872.jpg\" class=\"fg-image\" \/><\/span><\/a><figcaption class=\"fg-caption\"><div class=\"fg-caption-inner\"><\/div><\/figcaption><\/figure><div class=\"fg-loader\"><\/div><\/div><div class=\"fg-item\"><figure class=\"fg-item-inner\"><a href=\"https:\/\/www.powerhydraulik.com\/wp-content\/uploads\/2020\/12\/p1010793.jpg\" data-attachment-id=\"1228\" class=\"fg-thumb\"><span class=\"fg-image-wrap\"><img width=\"150\" height=\"150\" data-src-fg=\"https:\/\/www.powerhydraulik.com\/wp-content\/uploads\/cache\/2020\/12\/p1010793\/2774261425.jpg\" class=\"fg-image\" \/><\/span><\/a><figcaption class=\"fg-caption\"><div class=\"fg-caption-inner\"><\/div><\/figcaption><\/figure><div class=\"fg-loader\"><\/div><\/div><div class=\"fg-item\"><figure class=\"fg-item-inner\"><a href=\"https:\/\/www.powerhydraulik.com\/wp-content\/uploads\/2020\/12\/settore_siderurgia-1.jpg\" data-attachment-id=\"1231\" class=\"fg-thumb\"><span class=\"fg-image-wrap\"><img width=\"150\" height=\"150\" data-src-fg=\"https:\/\/www.powerhydraulik.com\/wp-content\/uploads\/cache\/2020\/12\/settore_siderurgia-1\/1900424504.jpg\" class=\"fg-image\" \/><\/span><\/a><figcaption class=\"fg-caption\"><div class=\"fg-caption-inner\"><\/div><\/figcaption><\/figure><div class=\"fg-loader\"><\/div><\/div><\/div>\r\n\n","protected":false},"excerpt":{"rendered":"<p>M\u00e1quinas para la producci\u00f3n de acero y otros materiales de construcci\u00f3n no ferrosos. Sistemas de fundici\u00f3n, hornos de recalentamiento, m\u00e1quinas para colada, laminadores, maquinaria para el trabajado del tubo. PRODUCTOS &nbsp;&nbsp;&nbsp; Centrales hidr\u00e1ulicas de potencia &nbsp;&nbsp;&nbsp; Equipos y v\u00e1lvulas &nbsp;&nbsp;&nbsp; Bloques y bancos de v\u00e1lvulas &nbsp;&nbsp;&nbsp; Estaciones de acumulaci\u00f3n &nbsp;&nbsp;&nbsp; Equipos especiales &nbsp;&nbsp;&nbsp; Unidad de [&hellip;]<\/p>\n","protected":false},"author":1,"featured_media":401,"parent":1858,"menu_order":0,"comment_status":"closed","ping_status":"closed","template":"","meta":[],"acf":[],"_links":{"self":[{"href":"https:\/\/www.powerhydraulik.com\/es\/wp-json\/wp\/v2\/pages\/1884"}],"collection":[{"href":"https:\/\/www.powerhydraulik.com\/es\/wp-json\/wp\/v2\/pages"}],"about":[{"href":"https:\/\/www.powerhydraulik.com\/es\/wp-json\/wp\/v2\/types\/page"}],"author":[{"embeddable":true,"href":"https:\/\/www.powerhydraulik.com\/es\/wp-json\/wp\/v2\/users\/1"}],"replies":[{"embeddable":true,"href":"https:\/\/www.powerhydraulik.com\/es\/wp-json\/wp\/v2\/comments?post=1884"}],"version-history":[{"count":2,"href":"https:\/\/www.powerhydraulik.com\/es\/wp-json\/wp\/v2\/pages\/1884\/revisions"}],"predecessor-version":[{"id":1957,"href":"https:\/\/www.powerhydraulik.com\/es\/wp-json\/wp\/v2\/pages\/1884\/revisions\/1957"}],"up":[{"embeddable":true,"href":"https:\/\/www.powerhydraulik.com\/es\/wp-json\/wp\/v2\/pages\/1858"}],"wp:featuredmedia":[{"embeddable":true,"href":"https:\/\/www.powerhydraulik.com\/es\/wp-json\/wp\/v2\/media\/401"}],"wp:attachment":[{"href":"https:\/\/www.powerhydraulik.com\/es\/wp-json\/wp\/v2\/media?parent=1884"}],"curies":[{"name":"wp","href":"https:\/\/api.w.org\/{rel}","templated":true}]}}